{"id":100,"date":"2025-12-22T21:40:17","date_gmt":"2025-12-22T21:40:17","guid":{"rendered":"https:\/\/pasiekamarco.pl\/?page_id=100"},"modified":"2025-12-22T21:40:17","modified_gmt":"2025-12-22T21:40:17","slug":"kontakt","status":"publish","type":"page","link":"https:\/\/pasiekamarco.pl\/index.php\/kontakt\/","title":{"rendered":"Kontakt"},"content":{"rendered":"<nav class=\"is-responsive wp-block-navigation is-layout-flex wp-block-navigation-is-layout-flex\" aria-label=\"Header menu\" \n\t\t data-wp-interactive=\"core\/navigation\" data-wp-context='{\"overlayOpenedBy\":{\"click\":false,\"hover\":false,\"focus\":false},\"type\":\"overlay\",\"roleAttribute\":\"\",\"ariaLabel\":\"Menu\"}'><button aria-haspopup=\"dialog\" aria-label=\"Open menu\" class=\"wp-block-navigation__responsive-container-open\" \n\t\t\t\tdata-wp-on--click=\"actions.openMenuOnClick\"\n\t\t\t\tdata-wp-on--keydown=\"actions.handleMenuKeydown\"\n\t\t\t><svg width=\"24\" height=\"24\" xmlns=\"http:\/\/www.w3.org\/2000\/svg\" viewBox=\"0 0 24 24\" aria-hidden=\"true\" focusable=\"false\"><path d=\"M4 7.5h16v1.5H4z\"><\/path><path d=\"M4 15h16v1.5H4z\"><\/path><\/svg><\/button>\n\t\t\t\t<div class=\"wp-block-navigation__responsive-container\"  id=\"modal-1\" \n\t\t\t\tdata-wp-class--has-modal-open=\"state.isMenuOpen\"\n\t\t\t\tdata-wp-class--is-menu-open=\"state.isMenuOpen\"\n\t\t\t\tdata-wp-watch=\"callbacks.initMenu\"\n\t\t\t\tdata-wp-on--keydown=\"actions.handleMenuKeydown\"\n\t\t\t\tdata-wp-on--focusout=\"actions.handleMenuFocusout\"\n\t\t\t\ttabindex=\"-1\"\n\t\t\t>\n\t\t\t\t\t<div class=\"wp-block-navigation__responsive-close\" tabindex=\"-1\">\n\t\t\t\t\t\t<div class=\"wp-block-navigation__responsive-dialog\" \n\t\t\t\tdata-wp-bind--aria-modal=\"state.ariaModal\"\n\t\t\t\tdata-wp-bind--aria-label=\"state.ariaLabel\"\n\t\t\t\tdata-wp-bind--role=\"state.roleAttribute\"\n\t\t\t>\n\t\t\t\t\t\t\t<button aria-label=\"Close menu\" class=\"wp-block-navigation__responsive-container-close\" \n\t\t\t\tdata-wp-on--click=\"actions.closeMenuOnClick\"\n\t\t\t><svg xmlns=\"http:\/\/www.w3.org\/2000\/svg\" viewBox=\"0 0 24 24\" width=\"24\" height=\"24\" aria-hidden=\"true\" focusable=\"false\"><path d=\"m13.06 12 6.47-6.47-1.06-1.06L12 10.94 5.53 4.47 4.47 5.53 10.94 12l-6.47 6.47 1.06 1.06L12 13.06l6.47 6.47 1.06-1.06L13.06 12Z\"><\/path><\/svg><\/button>\n\t\t\t\t\t\t\t<div class=\"wp-block-navigation__responsive-container-content\" \n\t\t\t\tdata-wp-watch=\"callbacks.focusFirstElement\"\n\t\t\t id=\"modal-1-content\">\n\t\t\t\t\t\t\t\t<ul class=\"wp-block-navigation__container is-responsive wp-block-navigation\"><li class=\" wp-block-navigation-item wp-block-navigation-link\"><a class=\"wp-block-navigation-item__content\"  href=\"https:\/\/pasiekamarco.pl\/index.php\"><span class=\"wp-block-navigation-item__label\">Home<\/span><\/a><\/li><li class=\" wp-block-navigation-item wp-block-navigation-link\"><a class=\"wp-block-navigation-item__content\"  href=\"#\"><span class=\"wp-block-navigation-item__label\">O nas<\/span><\/a><\/li><li class=\" wp-block-navigation-item wp-block-navigation-link\"><a class=\"wp-block-navigation-item__content\"  href=\"http:\/\/pasiekamarco.pl\/index.php\/shop\/\"><span class=\"wp-block-navigation-item__label\">Sklep<\/span><\/a><\/li><li class=\" wp-block-navigation-item buynow wp-block-navigation-link\"><a class=\"wp-block-navigation-item__content\"  href=\"http:\/\/pasiekamarco.pl\/index.php\/kontakt\"><span class=\"wp-block-navigation-item__label\">Kontakt<\/span><\/a><\/li><\/ul>\n\t\t\t\t\t\t\t<\/div>\n\t\t\t\t\t\t<\/div>\n\t\t\t\t\t<\/div>\n\t\t\t\t<\/div><\/nav>\n\n\n<figure class=\"wp-block-pullquote\"><blockquote><p>Telefon: 602 524 146 <br>e-mail: biuro.pasiekamarco@gmail.com<\/p><\/blockquote><\/figure>\n\n\n\n<div class=\"wp-block-media-text is-stacked-on-mobile\" style=\"grid-template-columns:46% auto\"><figure class=\"wp-block-media-text__media\"><img loading=\"lazy\" decoding=\"async\" width=\"1024\" height=\"559\" src=\"https:\/\/pasiekamarco.pl\/wp-content\/uploads\/2025\/12\/logo-1024x559.png\" alt=\"\" class=\"wp-image-78 size-full\" srcset=\"https:\/\/pasiekamarco.pl\/wp-content\/uploads\/2025\/12\/logo-1024x559.png 1024w, https:\/\/pasiekamarco.pl\/wp-content\/uploads\/2025\/12\/logo-300x164.png 300w, https:\/\/pasiekamarco.pl\/wp-content\/uploads\/2025\/12\/logo-768x419.png 768w, https:\/\/pasiekamarco.pl\/wp-content\/uploads\/2025\/12\/logo-1536x838.png 1536w, https:\/\/pasiekamarco.pl\/wp-content\/uploads\/2025\/12\/logo-2048x1117.png 2048w, https:\/\/pasiekamarco.pl\/wp-content\/uploads\/2025\/12\/logo-600x327.png 600w\" sizes=\"auto, (max-width: 1024px) 100vw, 1024px\" \/><\/figure><div class=\"wp-block-media-text__content\">\n<p>Masz pytania dotycz\u0105ce naszych produkt\u00f3w lub chcesz z\u0142o\u017cy\u0107 indywidualne zam\u00f3wienie?<br>Zapraszamy do kontaktu \u2013 ch\u0119tnie doradzimy i odpowiemy na wszystkie wiadomo\u015bci.<\/p>\n\n\n\n<p>Zajmujemy si\u0119 sprzeda\u017c\u0105 <strong>naturalnego miodu pszczelego<\/strong> oraz <strong>\u015bwiec z wosku pszczelego<\/strong>, wytwarzanych z dba\u0142o\u015bci\u0105 o jako\u015b\u0107 i tradycyjne metody pszczelarskie. Oferujemy r\u00f3wnie\u017c <strong>odk\u0142ady pszczele<\/strong> dla os\u00f3b, kt\u00f3re chc\u0105 rozpocz\u0105\u0107 lub rozwin\u0105\u0107 w\u0142asn\u0105 pasiek\u0119.<\/p>\n\n\n\n<p>Dodatkowo wykonujemy <strong>personalizowane nadruki na drewnianych noside\u0142kach<\/strong> \u2013 to idealne rozwi\u0105zanie na prezent, pami\u0105tk\u0119 lub wyj\u0105tkowy element codziennego u\u017cytku. Ka\u017cde zam\u00f3wienie traktujemy indywidualnie, dbaj\u0105c o estetyk\u0119 i trwa\u0142o\u015b\u0107 wykonania.<\/p>\n\n\n\n<p>Je\u015bli interesuje Ci\u0119:<\/p>\n\n\n\n<ul class=\"wp-block-list\">\n<li>zakup miodu lub \u015bwiec z wosku pszczelego<\/li>\n\n\n\n<li>zam\u00f3wienie odk\u0142ad\u00f3w pszczelich<\/li>\n\n\n\n<li>personalizowany nadruk na drewnianym noside\u0142ku<\/li>\n\n\n\n<li>wsp\u00f3\u0142praca lub zam\u00f3wienie hurtowe<\/li>\n<\/ul>\n\n\n\n<p>skontaktuj si\u0119 z nami telefonicznie lub mailowo.<\/p>\n\n\n\n<p>Ch\u0119tnie doradzimy i przygotujemy ofert\u0119 dopasowan\u0105 do Twoich potrzeb.<\/p>\n<\/div><\/div>\n","protected":false},"excerpt":{"rendered":"<p>Telefon: 602 524 146 e-mail: biuro.pasiekamarco@gmail.com<\/p>\n","protected":false},"author":1,"featured_media":0,"parent":0,"menu_order":0,"comment_status":"closed","ping_status":"closed","template":"","meta":{"_eb_attr":"","advanced_seo_description":"","jetpack_seo_html_title":"","jetpack_seo_noindex":false,"footnotes":""},"class_list":["post-100","page","type-page","status-publish","hentry"],"jetpack_sharing_enabled":true,"_links":{"self":[{"href":"https:\/\/pasiekamarco.pl\/index.php\/wp-json\/wp\/v2\/pages\/100","targetHints":{"allow":["GET"]}}],"collection":[{"href":"https:\/\/pasiekamarco.pl\/index.php\/wp-json\/wp\/v2\/pages"}],"about":[{"href":"https:\/\/pasiekamarco.pl\/index.php\/wp-json\/wp\/v2\/types\/page"}],"author":[{"embeddable":true,"href":"https:\/\/pasiekamarco.pl\/index.php\/wp-json\/wp\/v2\/users\/1"}],"replies":[{"embeddable":true,"href":"https:\/\/pasiekamarco.pl\/index.php\/wp-json\/wp\/v2\/comments?post=100"}],"version-history":[{"count":1,"href":"https:\/\/pasiekamarco.pl\/index.php\/wp-json\/wp\/v2\/pages\/100\/revisions"}],"predecessor-version":[{"id":101,"href":"https:\/\/pasiekamarco.pl\/index.php\/wp-json\/wp\/v2\/pages\/100\/revisions\/101"}],"wp:attachment":[{"href":"https:\/\/pasiekamarco.pl\/index.php\/wp-json\/wp\/v2\/media?parent=100"}],"curies":[{"name":"wp","href":"https:\/\/api.w.org\/{rel}","templated":true}]}}