{"id":3,"date":"2025-12-19T23:18:35","date_gmt":"2025-12-19T23:18:35","guid":{"rendered":"http:\/\/pasiekamarco.pl\/?page_id=3"},"modified":"2025-12-20T02:16:23","modified_gmt":"2025-12-20T02:16:23","slug":"privacy-policy","status":"publish","type":"page","link":"https:\/\/pasiekamarco.pl\/index.php\/privacy-policy\/","title":{"rendered":"Privacy Policy"},"content":{"rendered":"\n<h3 class=\"wp-block-heading\"><strong>I. Postanowienia og\u00f3lne<\/strong><\/h3>\n\n\n\n<ol start=\"1\" class=\"wp-block-list\">\n<li>Niniejsza Polityka Prywatno\u015bci okre\u015bla zasady zbierania, przetwarzania i ochrony danych osobowych U\u017cytkownik\u00f3w niezb\u0119dnych do \u015bwiadczenia us\u0142ug drog\u0105 elektroniczn\u0105 za po\u015brednictwem sklepu internetowego dost\u0119pnego pod adresem:\u00a0<strong><a href=\"http:\/\/pasiekamarco.pl\/\" target=\"_blank\" rel=\"noreferrer noopener\">http:\/\/pasiekamarco.pl<\/a><\/strong>\u00a0(dalej:\u00a0<strong>Sklep<\/strong>)<a href=\"https:\/\/poradnikprzedsiebiorcy.pl\/-polityka-prywatnosci-w-sklepie-internetowym-wzor-z-omowieniem\" target=\"_blank\" rel=\"noreferrer noopener\"><\/a><a href=\"https:\/\/www.wygranaonline.com\/polityka-prywatnosci-wzor-generator\/\" target=\"_blank\" rel=\"noreferrer noopener\"><\/a>.<\/li>\n\n\n\n<li>Sklep przyk\u0142ada szczeg\u00f3ln\u0105 wag\u0119 do poszanowania prywatno\u015bci Klient\u00f3w. Dane osobowe s\u0105 przetwarzane zgodnie z przepisami prawa, w tym z Rozporz\u0105dzeniem Parlamentu Europejskiego i Rady (UE) 2016\/679 (RODO)<a href=\"https:\/\/www.artefakt.pl\/blog\/sem\/polityka-prywatnosci-sklep-internetowy\/\" target=\"_blank\" rel=\"noreferrer noopener\"><\/a><a href=\"https:\/\/www.wygranaonline.com\/polityka-prywatnosci-wzor-generator\/\" target=\"_blank\" rel=\"noreferrer noopener\"><\/a>.<\/li>\n\n\n\n<li>Administrator dok\u0142ada wszelkich stara\u0144, aby dane U\u017cytkownik\u00f3w by\u0142y odpowiednio zabezpieczone<a href=\"https:\/\/poradnikprzedsiebiorcy.pl\/-polityka-prywatnosci-w-sklepie-internetowym-wzor-z-omowieniem\" target=\"_blank\" rel=\"noreferrer noopener\"><\/a>.<\/li>\n<\/ol>\n\n\n\n<h3 class=\"wp-block-heading\"><strong>II. Administrator danych<\/strong><\/h3>\n\n\n\n<p>Administratorem Twoich danych osobowych jest osoba fizyczna prowadz\u0105ca dzia\u0142alno\u015b\u0107 gospodarcz\u0105 pod firm\u0105:&nbsp;<strong>[Wpisz tutaj: Imi\u0119 i Nazwisko oraz nazw\u0119 firmy]<\/strong>.<\/p>\n\n\n\n<ul class=\"wp-block-list\">\n<li><strong>Adres:<\/strong>\u00a0[Wpisz adres siedziby\/zamieszkania]<\/li>\n\n\n\n<li><strong>Adres e-mail:<\/strong>\u00a0[Wpisz adres e-mail do kontaktu w sprawach ochrony danych]<\/li>\n\n\n\n<li><strong>NIP:<\/strong>\u00a0[Wpisz numer NIP]<\/li>\n<\/ul>\n\n\n\n<p>W sprawach zwi\u0105zanych z przetwarzaniem danych mo\u017cesz kontaktowa\u0107 si\u0119 z Administratorem za po\u015brednictwem powy\u017cszego adresu e-mail<a href=\"https:\/\/www.artefakt.pl\/blog\/sem\/polityka-prywatnosci-sklep-internetowy\/\" target=\"_blank\" rel=\"noreferrer noopener\"><\/a><a href=\"https:\/\/www.wygranaonline.com\/polityka-prywatnosci-wzor-generator\/\" target=\"_blank\" rel=\"noreferrer noopener\"><\/a>.<\/p>\n\n\n\n<h3 class=\"wp-block-heading\"><strong>III. Cel, podstawa prawna i okres przetwarzania danych<\/strong><\/h3>\n\n\n\n<p>Twoje dane s\u0105 przetwarzane w nast\u0119puj\u0105cych celach:<\/p>\n\n\n\n<figure class=\"wp-block-table\"><table class=\"has-fixed-layout\"><thead><tr><th class=\"has-text-align-left\" data-align=\"left\">Cel przetwarzania<\/th><th class=\"has-text-align-left\" data-align=\"left\">Podstawa prawna (zgodnie z RODO)<\/th><th class=\"has-text-align-left\" data-align=\"left\">Okres przetwarzania<\/th><\/tr><\/thead><tbody><tr><td>Realizacja zam\u00f3wienia (sprzeda\u017c, dostawa, p\u0142atno\u015b\u0107, reklamacja)<\/td><td>Niezb\u0119dno\u015b\u0107 do wykonania umowy sprzeda\u017cy (art. 6 ust. 1 lit. b RODO)<\/td><td>Przez czas realizacji umowy, a nast\u0119pnie do przedawnienia roszcze\u0144 (zwykle 6 lat).<\/td><\/tr><tr><td>Wys\u0142anie newslettera (tylko po wyra\u017ceniu zgody)<\/td><td>Twoja dobrowolna zgoda (art. 6 ust. 1 lit. a RODO)<\/td><td>Do momentu wycofania zgody przez Ciebie.<\/td><\/tr><tr><td>Rozliczenie podatkowe<\/td><td>Obowi\u0105zek prawny (art. 6 ust. 1 lit. c RODO)<\/td><td>Okres wymagany przepisami podatkowymi (5 lat od ko\u0144ca roku, w kt\u00f3rym powsta\u0142 obowi\u0105zek podatkowy).<\/td><\/tr><tr><td>Obs\u0142uga zapyta\u0144 i komentarzy<\/td><td>Tw\u00f3j dobrowolny kontakt i nasz prawnie uzasadniony interes w udzieleniu odpowiedzi (art. 6 ust. 1 lit. f RODO)<\/td><td>Przez czas niezb\u0119dny do udzielenia odpowiedzi, a w przypadku komentarzy \u2013 do czasu ich usuni\u0119cia przez Ciebie lub Administratora.<\/td><\/tr><\/tbody><\/table><\/figure>\n\n\n\n<p><strong>Uwaga:<\/strong>&nbsp;W przypadku komentarzy, mo\u017cemy zbiera\u0107 dane widoczne w formularzu, adres IP przegl\u0105darki oraz tzw. &#8220;user agent&#8221; w celu pomocy w wykrywaniu spamu. Po zatwierdzeniu komentarza, Tw\u00f3j awatar mo\u017ce by\u0107 publicznie widoczny. W przypadku medi\u00f3w, unikaj przesy\u0142ania zdj\u0119\u0107 z wgranymi danymi lokalizacyjnymi (EXIF GPS), poniewa\u017c go\u015bcie sklepu mog\u0105 je pobra\u0107 i odczyta\u0107<a href=\"https:\/\/jumpseller.com\/learn\/sample-privacy-policy\/\" target=\"_blank\" rel=\"noreferrer noopener\"><\/a><a href=\"https:\/\/usercentrics.com\/knowledge-hub\/how-to-write-a-privacy-policy\/\" target=\"_blank\" rel=\"noreferrer noopener\"><\/a>.<\/p>\n\n\n\n<h3 class=\"wp-block-heading\"><strong>IV. Jakie dane zbieramy?<\/strong><\/h3>\n\n\n\n<p>Podczas korzystania ze Sklepu mo\u017cemy zbiera\u0107<a href=\"https:\/\/jumpseller.com\/learn\/sample-privacy-policy\/\" target=\"_blank\" rel=\"noreferrer noopener\"><\/a><a href=\"https:\/\/www.wygranaonline.com\/polityka-prywatnosci-wzor-generator\/\" target=\"_blank\" rel=\"noreferrer noopener\"><\/a>:<\/p>\n\n\n\n<ol start=\"1\" class=\"wp-block-list\">\n<li><strong>Dane podawane dobrowolnie:<\/strong>\u00a0Imi\u0119 i nazwisko, adres do wysy\u0142ki i faktury, adres e-mail, numer telefonu, NIP (do faktury).<\/li>\n\n\n\n<li><strong>Dane zbierane automatycznie (tzw. dane urz\u0105dzenia):<\/strong>\u00a0Adres IP, typ przegl\u0105darki, informacje o systemie operacyjnym, dane o sposobie poruszania si\u0119 po Sklepie (np. ogl\u0105dane produkty). Cz\u0119\u015b\u0107 tych danych zbierana jest za pomoc\u0105 plik\u00f3w cookies. Wi\u0119cej informacji w rozdziale\u00a0<strong>VII. Pliki Cookies<\/strong>.<\/li>\n<\/ol>\n\n\n\n<h3 class=\"wp-block-heading\"><strong>V. Komu przekazujemy dane?<\/strong><\/h3>\n\n\n\n<p>Twoje dane mog\u0105 by\u0107 przekazywane zaufanym podmiotom, kt\u00f3re wspieraj\u0105 nas w prowadzeniu Sklepu, wy\u0142\u0105cznie w celu realizacji zam\u00f3wienia<a href=\"https:\/\/jumpseller.com\/learn\/sample-privacy-policy\/\" target=\"_blank\" rel=\"noreferrer noopener\"><\/a><a href=\"https:\/\/www.wygranaonline.com\/polityka-prywatnosci-wzor-generator\/\" target=\"_blank\" rel=\"noreferrer noopener\"><\/a>:<\/p>\n\n\n\n<ul class=\"wp-block-list\">\n<li><strong>Firmom kurierskim\/pocztowym<\/strong>\u00a0(dla dostawy).<\/li>\n\n\n\n<li><strong>Operatorom p\u0142atno\u015bci<\/strong>\u00a0(np. Przelewy24, PayU, dla realizacji transakcji).<\/li>\n\n\n\n<li><strong>Podmiotom \u015bwiadcz\u0105cym us\u0142ugi ksi\u0119gowe i hostingowe<\/strong>.<\/li>\n\n\n\n<li>W przypadkach wymaganych prawem, np. na \u017c\u0105danie w\u0142a\u015bciwego organu.<\/li>\n<\/ul>\n\n\n\n<p>Zapewniamy, \u017ce \u017cadne Twoje dane nie s\u0105 sprzedawane ani nie s\u0105 przekazywane w celach marketingowych podmiotom trzecim bez Twojej wyra\u017anej zgody.<\/p>\n\n\n\n<h3 class=\"wp-block-heading\"><strong>VI. Twoje prawa<\/strong><\/h3>\n\n\n\n<p>Zgodnie z RODO przys\u0142uguj\u0105 Ci nast\u0119puj\u0105ce prawa<a href=\"https:\/\/commission.europa.eu\/law\/law-topic\/data-protection\/rules-business-and-organisations\/dealing-citizens\/do-we-always-have-delete-personal-data-if-person-asks_pl\" target=\"_blank\" rel=\"noreferrer noopener\"><\/a><a href=\"https:\/\/www.artefakt.pl\/blog\/sem\/polityka-prywatnosci-sklep-internetowy\/\" target=\"_blank\" rel=\"noreferrer noopener\"><\/a><a href=\"https:\/\/usercentrics.com\/knowledge-hub\/how-to-write-a-privacy-policy\/\" target=\"_blank\" rel=\"noreferrer noopener\"><\/a>:<\/p>\n\n\n\n<ul class=\"wp-block-list\">\n<li><strong>Prawo dost\u0119pu do danych<\/strong>\u00a0\u2013 mo\u017cesz \u017c\u0105da\u0107 informacji, jakie dane o Tobie przetwarzamy.<\/li>\n\n\n\n<li><strong>Prawo do sprostowania danych<\/strong>\u00a0\u2013 mo\u017cesz \u017c\u0105da\u0107 poprawienia nieprawid\u0142owych danych.<\/li>\n\n\n\n<li><strong>Prawo do usuni\u0119cia danych (&#8220;prawo do bycia zapomnianym&#8221;)<\/strong>\u00a0\u2013 mo\u017cesz za\u017c\u0105da\u0107 usuni\u0119cia danych, je\u015bli nie s\u0105 ju\u017c potrzebne do cel\u00f3w, dla kt\u00f3rych zosta\u0142y zebrane, lub wycofa\u0142e\u015b zgod\u0119.\u00a0<strong>Uwaga:<\/strong>\u00a0Prawo to nie jest bezwzgl\u0119dne. Mo\u017cemy odm\u00f3wi\u0107 usuni\u0119cia danych, je\u015bli ich przetrzymywanie jest konieczne np. do rozliczenia podatkowego (wype\u0142nienia obowi\u0105zku prawnego) lub do obrony przed ewentualnymi roszczeniami<a href=\"https:\/\/commission.europa.eu\/law\/law-topic\/data-protection\/rules-business-and-organisations\/dealing-citizens\/do-we-always-have-delete-personal-data-if-person-asks_pl\" target=\"_blank\" rel=\"noreferrer noopener\"><\/a>.<\/li>\n\n\n\n<li><strong>Prawo do ograniczenia przetwarzania<\/strong>\u00a0\u2013 mo\u017cesz \u017c\u0105da\u0107 wstrzymania przetwarzania danych w okre\u015blonych sytuacjach.<\/li>\n\n\n\n<li><strong>Prawo do przenoszenia danych<\/strong>\u00a0\u2013 mo\u017cesz otrzyma\u0107 dane w ustrukturyzowanym formacie i przekaza\u0107 je innemu administratorowi.<\/li>\n\n\n\n<li><strong>Prawo do sprzeciwu<\/strong>\u00a0\u2013 wobec przetwarzania opartego na naszym prawnie uzasadnionym interesie.<\/li>\n\n\n\n<li><strong>Prawo do cofni\u0119cia zgody<\/strong>\u00a0\u2013 w ka\u017cdej chwili mo\u017cesz cofn\u0105\u0107 zgod\u0119 na marketing bez wp\u0142ywu na zgodno\u015b\u0107 z prawem przetwarzania przed jej cofni\u0119ciem.<\/li>\n<\/ul>\n\n\n\n<p>Aby skorzysta\u0107 z kt\u00f3regokolwiek z powy\u017cszych praw, wy\u015blij wiadomo\u015b\u0107 na adres e-mail podany w punkcie&nbsp;<strong>II<\/strong>. Odpowiemy na Twoj\u0105 pro\u015bb\u0119 bez zb\u0119dnej zw\u0142oki, nie p\u00f3\u017aniej ni\u017c w ci\u0105gu miesi\u0105ca. W razie w\u0105tpliwo\u015bci masz prawo wniesienia skargi do Prezesa Urz\u0119du Ochrony Danych Osobowych<a href=\"https:\/\/www.wygranaonline.com\/polityka-prywatnosci-wzor-generator\/\" target=\"_blank\" rel=\"noreferrer noopener\"><\/a>.<\/p>\n\n\n\n<h3 class=\"wp-block-heading\"><strong>VII. Pliki Cookies (ciasteczka)<\/strong><\/h3>\n\n\n\n<ol start=\"1\" class=\"wp-block-list\">\n<li><strong>Co to s\u0105 ciasteczka?<\/strong>\u00a0S\u0105 to ma\u0142e pliki tekstowe zapisywane w Twojej przegl\u0105darce podczas odwiedzania strony. S\u0105 niezb\u0119dne dla podstawowego dzia\u0142ania Sklepu (np. zapami\u0119tania produkt\u00f3w w koszyku)<a href=\"https:\/\/www.gov.pl\/web\/kultura\/polityka-dotyczaca-cookies\" target=\"_blank\" rel=\"noreferrer noopener\"><\/a><a href=\"https:\/\/lexdigital.pl\/polityka-cookies-wzor-jak-prawidlowo-zarzadzac-ciasteczkami\" target=\"_blank\" rel=\"noreferrer noopener\"><\/a>.<\/li>\n\n\n\n<li><strong>Jak u\u017cywamy ciasteczek?<\/strong>\n<ul class=\"wp-block-list\">\n<li><strong>Niezb\u0119dne (techniczne):<\/strong>\u00a0Umo\u017cliwiaj\u0105 dzia\u0142anie Sklepu. Nie wymagaj\u0105 Twojej zgody<a href=\"https:\/\/lexdigital.pl\/polityka-cookies-wzor-jak-prawidlowo-zarzadzac-ciasteczkami\" target=\"_blank\" rel=\"noreferrer noopener\"><\/a>.<\/li>\n\n\n\n<li><strong>Analityczne\/Wydajno\u015bciowe:<\/strong>\u00a0Pomagaj\u0105 nam zrozumie\u0107, jak Klienci korzystaj\u0105 ze Sklepu (np. kt\u00f3re strony s\u0105 najcz\u0119\u015bciej odwiedzane). U\u017cywamy ich tylko za Twoj\u0105 zgod\u0105<a href=\"https:\/\/www.gov.pl\/web\/kultura\/polityka-dotyczaca-cookies\" target=\"_blank\" rel=\"noreferrer noopener\"><\/a><a href=\"https:\/\/lexdigital.pl\/polityka-cookies-wzor-jak-prawidlowo-zarzadzac-ciasteczkami\" target=\"_blank\" rel=\"noreferrer noopener\"><\/a>.<\/li>\n\n\n\n<li><strong>Marketingowe:<\/strong>\u00a0Pozwalaj\u0105 wy\u015bwietla\u0107 spersonalizowane reklamy. U\u017cywamy ich tylko za Twoj\u0105 wyra\u017an\u0105 zgod\u0105<a href=\"https:\/\/lexdigital.pl\/polityka-cookies-wzor-jak-prawidlowo-zarzadzac-ciasteczkami\" target=\"_blank\" rel=\"noreferrer noopener\"><\/a>.<\/li>\n<\/ul>\n<\/li>\n\n\n\n<li><strong>Zgoda i zarz\u0105dzanie.<\/strong>\u00a0Przy pierwszej wizycie wy\u015bwietlimy Ci komunikat z pro\u015bb\u0105 o zgod\u0119 na ciasteczka innych ni\u017c niezb\u0119dne. Zgoda jest dobrowolna. W ka\u017cdej chwili mo\u017cesz zmieni\u0107 ustawienia ciasteczek lub je usun\u0105\u0107 w ustawieniach swojej przegl\u0105darki internetowej<a href=\"https:\/\/www.gov.pl\/web\/kultura\/polityka-dotyczaca-cookies\" target=\"_blank\" rel=\"noreferrer noopener\"><\/a><a href=\"https:\/\/odo24.pl\/blog-post.co-powinna-zawierac-polityka-cookies-udostepniamy-wzor\" target=\"_blank\" rel=\"noreferrer noopener\"><\/a><a href=\"https:\/\/lexdigital.pl\/polityka-cookies-wzor-jak-prawidlowo-zarzadzac-ciasteczkami\" target=\"_blank\" rel=\"noreferrer noopener\"><\/a>. Pami\u0119taj, \u017ce wy\u0142\u0105czenie niekt\u00f3rych ciasteczek mo\u017ce wp\u0142yn\u0105\u0107 na komfort korzystania ze Sklepu<a href=\"https:\/\/www.gov.pl\/web\/kultura\/polityka-dotyczaca-cookies\" target=\"_blank\" rel=\"noreferrer noopener\"><\/a>.<\/li>\n<\/ol>\n\n\n\n<h3 class=\"wp-block-heading\"><strong>VIII. Postanowienia ko\u0144cowe<\/strong><\/h3>\n\n\n\n<ol start=\"1\" class=\"wp-block-list\">\n<li>Administrator stosuje odpowiednie \u015brodki techniczne i organizacyjne, aby chroni\u0107 dane osobowe przed ich utrat\u0105, dost\u0119pem os\u00f3b nieuprawnionych lub zmian\u0105<a href=\"https:\/\/poradnikprzedsiebiorcy.pl\/-polityka-prywatnosci-w-sklepie-internetowym-wzor-z-omowieniem\" target=\"_blank\" rel=\"noreferrer noopener\"><\/a>.<\/li>\n\n\n\n<li>Administrator ma prawo do wprowadzenia zmian w Polityce Prywatno\u015bci, np. z powodu zmian technologicznych lub prawnych. O istotnych zmianach poinformujemy Ci\u0119 w widocznym miejscu w Sklepie.<\/li>\n\n\n\n<li>W sprawach nieuregulowanych niniejsz\u0105 Polityk\u0105 maj\u0105 zastosowanie przepisy polskiego prawa.<\/li>\n<\/ol>\n","protected":false},"excerpt":{"rendered":"<p>I. Postanowienia og\u00f3lne II. Administrator danych Administratorem Twoich danych osobowych jest osoba fizyczna prowadz\u0105ca dzia\u0142alno\u015b\u0107 gospodarcz\u0105 pod firm\u0105:&nbsp;[Wpisz tutaj: Imi\u0119 i Nazwisko oraz nazw\u0119 firmy]. W sprawach zwi\u0105zanych z przetwarzaniem danych mo\u017cesz kontaktowa\u0107 si\u0119 z Administratorem za po\u015brednictwem powy\u017cszego adresu e-mail. III. Cel, podstawa prawna i okres przetwarzania danych Twoje dane s\u0105 przetwarzane w nast\u0119puj\u0105cych [&hellip;]<\/p>\n","protected":false},"author":1,"featured_media":0,"parent":0,"menu_order":0,"comment_status":"closed","ping_status":"open","template":"","meta":{"_eb_attr":"","advanced_seo_description":"","jetpack_seo_html_title":"","jetpack_seo_noindex":false,"footnotes":""},"class_list":["post-3","page","type-page","status-publish","hentry"],"jetpack_sharing_enabled":true,"_links":{"self":[{"href":"https:\/\/pasiekamarco.pl\/index.php\/wp-json\/wp\/v2\/pages\/3","targetHints":{"allow":["GET"]}}],"collection":[{"href":"https:\/\/pasiekamarco.pl\/index.php\/wp-json\/wp\/v2\/pages"}],"about":[{"href":"https:\/\/pasiekamarco.pl\/index.php\/wp-json\/wp\/v2\/types\/page"}],"author":[{"embeddable":true,"href":"https:\/\/pasiekamarco.pl\/index.php\/wp-json\/wp\/v2\/users\/1"}],"replies":[{"embeddable":true,"href":"https:\/\/pasiekamarco.pl\/index.php\/wp-json\/wp\/v2\/comments?post=3"}],"version-history":[{"count":1,"href":"https:\/\/pasiekamarco.pl\/index.php\/wp-json\/wp\/v2\/pages\/3\/revisions"}],"predecessor-version":[{"id":76,"href":"https:\/\/pasiekamarco.pl\/index.php\/wp-json\/wp\/v2\/pages\/3\/revisions\/76"}],"wp:attachment":[{"href":"https:\/\/pasiekamarco.pl\/index.php\/wp-json\/wp\/v2\/media?parent=3"}],"curies":[{"name":"wp","href":"https:\/\/api.w.org\/{rel}","templated":true}]}}